{"id":3357,"date":"2024-12-25T22:30:17","date_gmt":"2024-12-26T03:30:17","guid":{"rendered":"https:\/\/revalhomebuyers.com\/?page_id=3357"},"modified":"2025-01-14T00:44:04","modified_gmt":"2025-01-14T05:44:04","slug":"modelo-de-negocios","status":"publish","type":"page","link":"https:\/\/revalhomebuyers.com\/en\/modelo-de-negocios\/","title":{"rendered":"Modelo de Negocios"},"content":{"rendered":"<div data-elementor-type=\"wp-page\" data-elementor-id=\"3357\" class=\"elementor elementor-3357\">\n\t\t\t\t\t\t<section class=\"elementor-section elementor-top-section elementor-element elementor-element-0bcf34d elementor-section-stretched elementor-section-boxed elementor-section-height-default elementor-section-height-default\" data-id=\"0bcf34d\" data-element_type=\"section\" data-settings=\"{&quot;stretch_section&quot;:&quot;section-stretched&quot;,&quot;background_background&quot;:&quot;classic&quot;}\">\n\t\t\t\t\t\t\t<div class=\"elementor-background-overlay\"><\/div>\n\t\t\t\t\t\t\t<div class=\"elementor-container elementor-column-gap-no\">\n\t\t\t\t\t<div class=\"elementor-column elementor-col-100 elementor-top-column elementor-element elementor-element-47b78e4\" data-id=\"47b78e4\" data-element_type=\"column\">\n\t\t\t<div class=\"elementor-widget-wrap elementor-element-populated\">\n\t\t\t\t\t\t<div class=\"elementor-element elementor-element-31969e5 tx-hd-align-center elementor-widget elementor-widget-avas-heading\" data-id=\"31969e5\" data-element_type=\"widget\" data-widget_type=\"avas-heading.default\">\n\t\t\t\t<div class=\"elementor-widget-container\">\n\t\t\t\t\t        <div class=\"tx-hd-wrap\">\n\n            <div class=\"tx-hd-wm\"><\/div>\n\n            \n            <div class=\"tx-hd-sub\"><\/div>\n                        <h2 class=\"tx-hd-title\">\n                <span class=\"tx-hd-first-part\">MODELOS DE<\/span>\n                <span class=\"tx-hd-last-part\">NEGOCIO<\/span>\n            <\/h2>    \n            \n            <div class=\"tx-hd-desc\"><\/div>\n\n\n                   \n        <\/div><!-- tx-hd-wrap -->\n\n\n\n\n\n\n\n\n\t\t\t\t<\/div>\n\t\t\t\t<\/div>\n\t\t\t\t<div class=\"elementor-element elementor-element-fe5a829 tx-hd-align-center elementor-widget elementor-widget-avas-heading\" data-id=\"fe5a829\" data-element_type=\"widget\" data-widget_type=\"avas-heading.default\">\n\t\t\t\t<div class=\"elementor-widget-container\">\n\t\t\t\t\t        <div class=\"tx-hd-wrap\">\n\n            <div class=\"tx-hd-wm\"><\/div>\n\n            \n            <div class=\"tx-hd-sub\"><\/div>\n                        <h2 class=\"tx-hd-title\">\n                <span class=\"tx-hd-first-part\">PROYECTOS PARA CRECER TU CAPITAL<\/span>\n                <span class=\"tx-hd-last-part\">Y GENERAR RENTAS PASIVAS<\/span>\n            <\/h2>    \n            \n            <div class=\"tx-hd-desc\"><\/div>\n\n\n                   \n        <\/div><!-- tx-hd-wrap -->\n\n\n\n\n\n\n\n\n\t\t\t\t<\/div>\n\t\t\t\t<\/div>\n\t\t\t\t\t<\/div>\n\t\t<\/div>\n\t\t\t\t\t<\/div>\n\t\t<\/section>\n\t\t\t\t<section class=\"elementor-section elementor-top-section elementor-element elementor-element-11f1b89 elementor-section-stretched elementor-section-boxed elementor-section-height-default elementor-section-height-default\" data-id=\"11f1b89\" data-element_type=\"section\" data-settings=\"{&quot;stretch_section&quot;:&quot;section-stretched&quot;,&quot;background_background&quot;:&quot;classic&quot;}\">\n\t\t\t\t\t\t\t<div class=\"elementor-background-overlay\"><\/div>\n\t\t\t\t\t\t\t<div class=\"elementor-container elementor-column-gap-no\">\n\t\t\t\t\t<div class=\"elementor-column elementor-col-100 elementor-top-column elementor-element elementor-element-42775cb\" data-id=\"42775cb\" data-element_type=\"column\">\n\t\t\t<div class=\"elementor-widget-wrap elementor-element-populated\">\n\t\t\t\t<div class=\"elementor-element elementor-element-ae1ac0b e-grid e-con-boxed e-con e-parent\" data-id=\"ae1ac0b\" data-element_type=\"container\">\n\t\t\t\t\t<div class=\"e-con-inner\">\n\t\t<div class=\"elementor-element elementor-element-3c8f625 e-grid e-con-full e-con e-child\" data-id=\"3c8f625\" data-element_type=\"container\">\n\t\t\t\t<div class=\"elementor-element elementor-element-5d32c0e elementor-widget elementor-widget-image\" data-id=\"5d32c0e\" data-element_type=\"widget\" data-widget_type=\"image.default\">\n\t\t\t\t<div class=\"elementor-widget-container\">\n\t\t\t\t\t\t\t\t\t\t\t\t\t\t\t<img fetchpriority=\"high\" decoding=\"async\" width=\"660\" height=\"654\" src=\"https:\/\/revalhomebuyers.com\/wp-content\/uploads\/2024\/12\/Modelo1.png\" class=\"attachment-full size-full wp-image-3383\" alt=\"\" srcset=\"https:\/\/revalhomebuyers.com\/wp-content\/uploads\/2024\/12\/Modelo1.png 660w, https:\/\/revalhomebuyers.com\/wp-content\/uploads\/2024\/12\/Modelo1-300x297.png 300w, https:\/\/revalhomebuyers.com\/wp-content\/uploads\/2024\/12\/Modelo1-150x150.png 150w, https:\/\/revalhomebuyers.com\/wp-content\/uploads\/2024\/12\/Modelo1-12x12.png 12w, https:\/\/revalhomebuyers.com\/wp-content\/uploads\/2024\/12\/Modelo1-80x80.png 80w, https:\/\/revalhomebuyers.com\/wp-content\/uploads\/2024\/12\/Modelo1-360x357.png 360w, https:\/\/revalhomebuyers.com\/wp-content\/uploads\/2024\/12\/Modelo1-373x370.png 373w, https:\/\/revalhomebuyers.com\/wp-content\/uploads\/2024\/12\/Modelo1-620x614.png 620w, https:\/\/revalhomebuyers.com\/wp-content\/uploads\/2024\/12\/Modelo1-460x456.png 460w, https:\/\/revalhomebuyers.com\/wp-content\/uploads\/2024\/12\/Modelo1-365x362.png 365w\" sizes=\"(max-width: 660px) 100vw, 660px\" \/>\t\t\t\t\t\t\t\t\t\t\t\t\t\t\t<\/div>\n\t\t\t\t<\/div>\n\t\t\t\t<div class=\"elementor-element elementor-element-db238d3 elementor-widget elementor-widget-heading\" data-id=\"db238d3\" data-element_type=\"widget\" data-widget_type=\"heading.default\">\n\t\t\t\t<div class=\"elementor-widget-container\">\n\t\t\t\t\t<h2 class=\"elementor-heading-title elementor-size-default\">1. Con ReVal adquiere el terreno<\/h2>\t\t\t\t<\/div>\n\t\t\t\t<\/div>\n\t\t\t\t<\/div>\n\t\t<div class=\"elementor-element elementor-element-5057404 e-grid e-con-full e-con e-child\" data-id=\"5057404\" data-element_type=\"container\">\n\t\t\t\t<div class=\"elementor-element elementor-element-2f4f43a elementor-widget elementor-widget-image\" data-id=\"2f4f43a\" data-element_type=\"widget\" data-widget_type=\"image.default\">\n\t\t\t\t<div class=\"elementor-widget-container\">\n\t\t\t\t\t\t\t\t\t\t\t\t\t\t\t<img decoding=\"async\" width=\"660\" height=\"654\" src=\"https:\/\/revalhomebuyers.com\/wp-content\/uploads\/2024\/12\/Modelo2.png\" class=\"attachment-full size-full wp-image-3384\" alt=\"\" srcset=\"https:\/\/revalhomebuyers.com\/wp-content\/uploads\/2024\/12\/Modelo2.png 660w, https:\/\/revalhomebuyers.com\/wp-content\/uploads\/2024\/12\/Modelo2-300x297.png 300w, https:\/\/revalhomebuyers.com\/wp-content\/uploads\/2024\/12\/Modelo2-150x150.png 150w, https:\/\/revalhomebuyers.com\/wp-content\/uploads\/2024\/12\/Modelo2-12x12.png 12w, https:\/\/revalhomebuyers.com\/wp-content\/uploads\/2024\/12\/Modelo2-80x80.png 80w, https:\/\/revalhomebuyers.com\/wp-content\/uploads\/2024\/12\/Modelo2-360x357.png 360w, https:\/\/revalhomebuyers.com\/wp-content\/uploads\/2024\/12\/Modelo2-373x370.png 373w, https:\/\/revalhomebuyers.com\/wp-content\/uploads\/2024\/12\/Modelo2-620x614.png 620w, https:\/\/revalhomebuyers.com\/wp-content\/uploads\/2024\/12\/Modelo2-460x456.png 460w, https:\/\/revalhomebuyers.com\/wp-content\/uploads\/2024\/12\/Modelo2-365x362.png 365w\" sizes=\"(max-width: 660px) 100vw, 660px\" \/>\t\t\t\t\t\t\t\t\t\t\t\t\t\t\t<\/div>\n\t\t\t\t<\/div>\n\t\t\t\t<div class=\"elementor-element elementor-element-1eacd4c elementor-widget elementor-widget-heading\" data-id=\"1eacd4c\" data-element_type=\"widget\" data-widget_type=\"heading.default\">\n\t\t\t\t<div class=\"elementor-widget-container\">\n\t\t\t\t\t<h2 class=\"elementor-heading-title elementor-size-default\">2. Construye, renta,  financia y repite<\/h2>\t\t\t\t<\/div>\n\t\t\t\t<\/div>\n\t\t\t\t<\/div>\n\t\t\t\t\t<\/div>\n\t\t\t\t<\/div>\n\t\t\t\t<div class=\"elementor-element elementor-element-34cba8c tx-hd-align-center elementor-widget elementor-widget-avas-heading\" data-id=\"34cba8c\" data-element_type=\"widget\" data-widget_type=\"avas-heading.default\">\n\t\t\t\t<div class=\"elementor-widget-container\">\n\t\t\t\t\t        <div class=\"tx-hd-wrap\">\n\n            <div class=\"tx-hd-wm\"><\/div>\n\n            \n            <div class=\"tx-hd-sub\"><\/div>\n                        <h2 class=\"tx-hd-title\">\n                <span class=\"tx-hd-first-part\"><\/span>\n                <span class=\"tx-hd-last-part\"><\/span>\n            <\/h2>    \n            \n            <div class=\"tx-hd-desc\"><p>Construye unidades multifamiliares que generen rentas mensuales estables y valorizaci\u00f3n en una de las zonas de mayor\u00a0 demanda y crecimiento<\/p><\/div>\n\n\n                   \n        <\/div><!-- tx-hd-wrap -->\n\n\n\n\n\n\n\n\n\t\t\t\t<\/div>\n\t\t\t\t<\/div>\n\t\t\t\t<div class=\"elementor-element elementor-element-71a1805 elementor-align-center elementor-widget elementor-widget-button\" data-id=\"71a1805\" data-element_type=\"widget\" data-widget_type=\"button.default\">\n\t\t\t\t<div class=\"elementor-widget-container\">\n\t\t\t\t\t\t\t\t\t<div class=\"elementor-button-wrapper\">\n\t\t\t\t\t<a class=\"elementor-button elementor-button-link elementor-size-sm\" href=\"https:\/\/revalhomebuyers.com\/en\/proyectos-unifamiliar\/\">\n\t\t\t\t\t\t<span class=\"elementor-button-content-wrapper\">\n\t\t\t\t\t\t\t\t\t<span class=\"elementor-button-text\">PROYECTOS DISPONIBLES<\/span>\n\t\t\t\t\t<\/span>\n\t\t\t\t\t<\/a>\n\t\t\t\t<\/div>\n\t\t\t\t\t\t\t\t<\/div>\n\t\t\t\t<\/div>\n\t\t\t\t\t<\/div>\n\t\t<\/div>\n\t\t\t\t\t<\/div>\n\t\t<\/section>\n\t\t\t\t<section class=\"elementor-section elementor-top-section elementor-element elementor-element-6bd87be elementor-section-stretched elementor-section-boxed elementor-section-height-default elementor-section-height-default\" data-id=\"6bd87be\" data-element_type=\"section\" data-settings=\"{&quot;stretch_section&quot;:&quot;section-stretched&quot;,&quot;background_background&quot;:&quot;classic&quot;}\">\n\t\t\t\t\t\t\t<div class=\"elementor-background-overlay\"><\/div>\n\t\t\t\t\t\t\t<div class=\"elementor-container elementor-column-gap-no\">\n\t\t\t\t\t<div class=\"elementor-column elementor-col-100 elementor-top-column elementor-element elementor-element-5432530\" data-id=\"5432530\" data-element_type=\"column\">\n\t\t\t<div class=\"elementor-widget-wrap elementor-element-populated\">\n\t\t\t\t\t\t<div class=\"elementor-element elementor-element-05e2760 tx-hd-align-center elementor-widget elementor-widget-avas-heading\" data-id=\"05e2760\" data-element_type=\"widget\" data-widget_type=\"avas-heading.default\">\n\t\t\t\t<div class=\"elementor-widget-container\">\n\t\t\t\t\t        <div class=\"tx-hd-wrap\">\n\n            <div class=\"tx-hd-wm\"><\/div>\n\n            \n            <div class=\"tx-hd-sub\"><\/div>\n                        <h2 class=\"tx-hd-title\">\n                <span class=\"tx-hd-first-part\">Proyectos para crecer<\/span>\n                <span class=\"tx-hd-last-part\">tu capital<\/span>\n            <\/h2>    \n            \n            <div class=\"tx-hd-desc\"><\/div>\n\n\n                   \n        <\/div><!-- tx-hd-wrap -->\n\n\n\n\n\n\n\n\n\t\t\t\t<\/div>\n\t\t\t\t<\/div>\n\t\t\t\t\t<\/div>\n\t\t<\/div>\n\t\t\t\t\t<\/div>\n\t\t<\/section>\n\t\t\t\t<section class=\"elementor-section elementor-top-section elementor-element elementor-element-fb4d671 elementor-section-stretched elementor-section-boxed elementor-section-height-default elementor-section-height-default\" data-id=\"fb4d671\" data-element_type=\"section\" data-settings=\"{&quot;stretch_section&quot;:&quot;section-stretched&quot;,&quot;background_background&quot;:&quot;classic&quot;}\">\n\t\t\t\t\t\t\t<div class=\"elementor-background-overlay\"><\/div>\n\t\t\t\t\t\t\t<div class=\"elementor-container elementor-column-gap-no\">\n\t\t\t\t\t<div class=\"elementor-column elementor-col-100 elementor-top-column elementor-element elementor-element-81c2394\" data-id=\"81c2394\" data-element_type=\"column\">\n\t\t\t<div class=\"elementor-widget-wrap elementor-element-populated\">\n\t\t\t\t<div class=\"elementor-element elementor-element-5292765 e-grid e-con-boxed e-con e-parent\" data-id=\"5292765\" data-element_type=\"container\">\n\t\t\t\t\t<div class=\"e-con-inner\">\n\t\t<div class=\"elementor-element elementor-element-6c49ab7 e-grid e-con-full e-con e-child\" data-id=\"6c49ab7\" data-element_type=\"container\">\n\t\t\t\t<div class=\"elementor-element elementor-element-e3b3f9b elementor-widget elementor-widget-image\" data-id=\"e3b3f9b\" data-element_type=\"widget\" data-widget_type=\"image.default\">\n\t\t\t\t<div class=\"elementor-widget-container\">\n\t\t\t\t\t\t\t\t\t\t\t\t\t\t\t<img decoding=\"async\" width=\"660\" height=\"654\" src=\"https:\/\/revalhomebuyers.com\/wp-content\/uploads\/2024\/12\/Modelo2-2.png\" class=\"attachment-full size-full wp-image-3480\" alt=\"\" srcset=\"https:\/\/revalhomebuyers.com\/wp-content\/uploads\/2024\/12\/Modelo2-2.png 660w, https:\/\/revalhomebuyers.com\/wp-content\/uploads\/2024\/12\/Modelo2-2-300x297.png 300w, https:\/\/revalhomebuyers.com\/wp-content\/uploads\/2024\/12\/Modelo2-2-150x150.png 150w, https:\/\/revalhomebuyers.com\/wp-content\/uploads\/2024\/12\/Modelo2-2-12x12.png 12w, https:\/\/revalhomebuyers.com\/wp-content\/uploads\/2024\/12\/Modelo2-2-80x80.png 80w, https:\/\/revalhomebuyers.com\/wp-content\/uploads\/2024\/12\/Modelo2-2-360x357.png 360w, https:\/\/revalhomebuyers.com\/wp-content\/uploads\/2024\/12\/Modelo2-2-373x370.png 373w, https:\/\/revalhomebuyers.com\/wp-content\/uploads\/2024\/12\/Modelo2-2-620x614.png 620w, https:\/\/revalhomebuyers.com\/wp-content\/uploads\/2024\/12\/Modelo2-2-460x456.png 460w, https:\/\/revalhomebuyers.com\/wp-content\/uploads\/2024\/12\/Modelo2-2-365x362.png 365w\" sizes=\"(max-width: 660px) 100vw, 660px\" \/>\t\t\t\t\t\t\t\t\t\t\t\t\t\t\t<\/div>\n\t\t\t\t<\/div>\n\t\t\t\t<div class=\"elementor-element elementor-element-a9269c4 elementor-widget elementor-widget-heading\" data-id=\"a9269c4\" data-element_type=\"widget\" data-widget_type=\"heading.default\">\n\t\t\t\t<div class=\"elementor-widget-container\">\n\t\t\t\t\t<h2 class=\"elementor-heading-title elementor-size-default\">1. Con ReVal adquiere el terreno<\/h2>\t\t\t\t<\/div>\n\t\t\t\t<\/div>\n\t\t\t\t<\/div>\n\t\t<div class=\"elementor-element elementor-element-62d4845 e-grid e-con-full e-con e-child\" data-id=\"62d4845\" data-element_type=\"container\">\n\t\t\t\t<div class=\"elementor-element elementor-element-2355dfd elementor-widget elementor-widget-image\" data-id=\"2355dfd\" data-element_type=\"widget\" data-widget_type=\"image.default\">\n\t\t\t\t<div class=\"elementor-widget-container\">\n\t\t\t\t\t\t\t\t\t\t\t\t\t\t\t<img loading=\"lazy\" decoding=\"async\" width=\"660\" height=\"654\" src=\"https:\/\/revalhomebuyers.com\/wp-content\/uploads\/2024\/12\/Modelo2-1.png\" class=\"attachment-full size-full wp-image-3482\" alt=\"\" srcset=\"https:\/\/revalhomebuyers.com\/wp-content\/uploads\/2024\/12\/Modelo2-1.png 660w, https:\/\/revalhomebuyers.com\/wp-content\/uploads\/2024\/12\/Modelo2-1-300x297.png 300w, https:\/\/revalhomebuyers.com\/wp-content\/uploads\/2024\/12\/Modelo2-1-150x150.png 150w, https:\/\/revalhomebuyers.com\/wp-content\/uploads\/2024\/12\/Modelo2-1-12x12.png 12w, https:\/\/revalhomebuyers.com\/wp-content\/uploads\/2024\/12\/Modelo2-1-80x80.png 80w, https:\/\/revalhomebuyers.com\/wp-content\/uploads\/2024\/12\/Modelo2-1-360x357.png 360w, https:\/\/revalhomebuyers.com\/wp-content\/uploads\/2024\/12\/Modelo2-1-373x370.png 373w, https:\/\/revalhomebuyers.com\/wp-content\/uploads\/2024\/12\/Modelo2-1-620x614.png 620w, https:\/\/revalhomebuyers.com\/wp-content\/uploads\/2024\/12\/Modelo2-1-460x456.png 460w, https:\/\/revalhomebuyers.com\/wp-content\/uploads\/2024\/12\/Modelo2-1-365x362.png 365w\" sizes=\"(max-width: 660px) 100vw, 660px\" \/>\t\t\t\t\t\t\t\t\t\t\t\t\t\t\t<\/div>\n\t\t\t\t<\/div>\n\t\t\t\t<div class=\"elementor-element elementor-element-59baf43 elementor-widget elementor-widget-heading\" data-id=\"59baf43\" data-element_type=\"widget\" data-widget_type=\"heading.default\">\n\t\t\t\t<div class=\"elementor-widget-container\">\n\t\t\t\t\t<h2 class=\"elementor-heading-title elementor-size-default\">2. Construye, vende,  obt\u00e9n utilidad  y repite<\/h2>\t\t\t\t<\/div>\n\t\t\t\t<\/div>\n\t\t\t\t<\/div>\n\t\t\t\t\t<\/div>\n\t\t\t\t<\/div>\n\t\t\t\t<div class=\"elementor-element elementor-element-c824c56 tx-hd-align-center elementor-widget elementor-widget-avas-heading\" data-id=\"c824c56\" data-element_type=\"widget\" data-widget_type=\"avas-heading.default\">\n\t\t\t\t<div class=\"elementor-widget-container\">\n\t\t\t\t\t        <div class=\"tx-hd-wrap\">\n\n            <div class=\"tx-hd-wm\"><\/div>\n\n            \n            <div class=\"tx-hd-sub\"><\/div>\n                        <h2 class=\"tx-hd-title\">\n                <span class=\"tx-hd-first-part\"><\/span>\n                <span class=\"tx-hd-last-part\"><\/span>\n            <\/h2>    \n            \n            <div class=\"tx-hd-desc\"><p>Desarrolla proyectos donde lograr\u00e1s una rentabilidad de <strong>doble d\u00edgito en d\u00f3lares<\/strong> sobre tu inversi\u00f3n.<\/p><\/div>\n\n\n                   \n        <\/div><!-- tx-hd-wrap -->\n\n\n\n\n\n\n\n\n\t\t\t\t<\/div>\n\t\t\t\t<\/div>\n\t\t\t\t<div class=\"elementor-element elementor-element-474a97a elementor-align-center elementor-widget elementor-widget-button\" data-id=\"474a97a\" data-element_type=\"widget\" data-widget_type=\"button.default\">\n\t\t\t\t<div class=\"elementor-widget-container\">\n\t\t\t\t\t\t\t\t\t<div class=\"elementor-button-wrapper\">\n\t\t\t\t\t<a class=\"elementor-button elementor-button-link elementor-size-sm\" href=\"https:\/\/revalhomebuyers.com\/en\/proyectos-duplex\/\">\n\t\t\t\t\t\t<span class=\"elementor-button-content-wrapper\">\n\t\t\t\t\t\t\t\t\t<span class=\"elementor-button-text\">PROYECTOS DISPONIBLES<\/span>\n\t\t\t\t\t<\/span>\n\t\t\t\t\t<\/a>\n\t\t\t\t<\/div>\n\t\t\t\t\t\t\t\t<\/div>\n\t\t\t\t<\/div>\n\t\t\t\t\t<\/div>\n\t\t<\/div>\n\t\t\t\t\t<\/div>\n\t\t<\/section>\n\t\t\t\t<\/div>","protected":false},"excerpt":{"rendered":"<p class=\"tx-excerpt\">MODELOS DE NEGOCIO PROYECTOS PARA CRECER TU CAPITAL Y GENERAR RENTAS PASIVAS 1. Con ReVal adquiere el terreno 2. Construye, renta, financia y repite Construye unidades multifamiliares que generen rentas mensuales estables y","protected":false},"author":1,"featured_media":0,"parent":0,"menu_order":0,"comment_status":"closed","ping_status":"closed","template":"","meta":{"_monsterinsights_skip_tracking":false,"_monsterinsights_sitenote_active":false,"_monsterinsights_sitenote_note":"","_monsterinsights_sitenote_category":0,"footnotes":""},"class_list":["post-3357","page","type-page","status-publish","hentry"],"aioseo_notices":[],"_links":{"self":[{"href":"https:\/\/revalhomebuyers.com\/en\/wp-json\/wp\/v2\/pages\/3357","targetHints":{"allow":["GET"]}}],"collection":[{"href":"https:\/\/revalhomebuyers.com\/en\/wp-json\/wp\/v2\/pages"}],"about":[{"href":"https:\/\/revalhomebuyers.com\/en\/wp-json\/wp\/v2\/types\/page"}],"author":[{"embeddable":true,"href":"https:\/\/revalhomebuyers.com\/en\/wp-json\/wp\/v2\/users\/1"}],"replies":[{"embeddable":true,"href":"https:\/\/revalhomebuyers.com\/en\/wp-json\/wp\/v2\/comments?post=3357"}],"version-history":[{"count":61,"href":"https:\/\/revalhomebuyers.com\/en\/wp-json\/wp\/v2\/pages\/3357\/revisions"}],"predecessor-version":[{"id":3559,"href":"https:\/\/revalhomebuyers.com\/en\/wp-json\/wp\/v2\/pages\/3357\/revisions\/3559"}],"wp:attachment":[{"href":"https:\/\/revalhomebuyers.com\/en\/wp-json\/wp\/v2\/media?parent=3357"}],"curies":[{"name":"wp","href":"https:\/\/api.w.org\/{rel}","templated":true}]}}